{"id":61560,"date":"2022-08-19T10:02:59","date_gmt":"2022-08-19T10:02:59","guid":{"rendered":"https:\/\/www.exodusclouds.com\/?page_id=61560"},"modified":"2022-10-28T08:56:20","modified_gmt":"2022-10-28T08:56:20","slug":"easypeering","status":"publish","type":"page","link":"https:\/\/www.exodusclouds.com\/tr\/easypeering\/","title":{"rendered":"Kolay E\u015fleme"},"content":{"rendered":"<div data-elementor-type=\"wp-page\" data-elementor-id=\"61560\" class=\"elementor elementor-61560\">\n\t\t\t\t\t\t<section class=\"elementor-section elementor-top-section elementor-element elementor-element-32eeafd elementor-section-stretched elementor-section-boxed elementor-section-height-default elementor-section-height-default\" data-id=\"32eeafd\" data-element_type=\"section\" data-settings=\"{&quot;stretch_section&quot;:&quot;section-stretched&quot;,&quot;background_background&quot;:&quot;classic&quot;}\">\n\t\t\t\t\t\t<div class=\"elementor-container elementor-column-gap-default\">\n\t\t\t\t\t<div class=\"elementor-column elementor-col-100 elementor-top-column elementor-element elementor-element-346b5008\" data-id=\"346b5008\" data-element_type=\"column\">\n\t\t\t<div class=\"elementor-widget-wrap elementor-element-populated\">\n\t\t\t\t\t\t<section class=\"elementor-section elementor-inner-section elementor-element elementor-element-12c8505 elementor-section-boxed elementor-section-height-default elementor-section-height-default\" data-id=\"12c8505\" data-element_type=\"section\">\n\t\t\t\t\t\t<div class=\"elementor-container elementor-column-gap-default\">\n\t\t\t\t\t<div class=\"elementor-column elementor-col-33 elementor-inner-column elementor-element elementor-element-1c3c450b\" data-id=\"1c3c450b\" data-element_type=\"column\">\n\t\t\t<div class=\"elementor-widget-wrap\">\n\t\t\t\t\t\t\t<\/div>\n\t\t<\/div>\n\t\t\t\t<div class=\"elementor-column elementor-col-33 elementor-inner-column elementor-element elementor-element-ae781ab\" data-id=\"ae781ab\" data-element_type=\"column\">\n\t\t\t<div class=\"elementor-widget-wrap elementor-element-populated\">\n\t\t\t\t\t\t<div class=\"elementor-element elementor-element-2117601b elementor-invisible elementor-widget elementor-widget-heading\" data-id=\"2117601b\" data-element_type=\"widget\" data-settings=\"{&quot;_animation&quot;:&quot;fadeInUp&quot;,&quot;_animation_delay&quot;:200}\" data-widget_type=\"heading.default\">\n\t\t\t\t<div class=\"elementor-widget-container\">\n\t\t\t<style>\/*! elementor - v3.19.0 - 28-02-2024 *\/\n.elementor-heading-title{padding:0;margin:0;line-height:1}.elementor-widget-heading .elementor-heading-title[class*=elementor-size-]>a{color:inherit;font-size:inherit;line-height:inherit}.elementor-widget-heading .elementor-heading-title.elementor-size-small{font-size:15px}.elementor-widget-heading .elementor-heading-title.elementor-size-medium{font-size:19px}.elementor-widget-heading .elementor-heading-title.elementor-size-large{font-size:29px}.elementor-widget-heading .elementor-heading-title.elementor-size-xl{font-size:39px}.elementor-widget-heading .elementor-heading-title.elementor-size-xxl{font-size:59px}<\/style><h6 class=\"elementor-heading-title elementor-size-default\">Kolay E\u015fleme <\/h6>\t\t<\/div>\n\t\t\t\t<\/div>\n\t\t\t\t<div class=\"elementor-element elementor-element-67a4f779 elementor-invisible elementor-widget elementor-widget-heading\" data-id=\"67a4f779\" data-element_type=\"widget\" data-settings=\"{&quot;_animation&quot;:&quot;fadeInUp&quot;,&quot;_animation_delay&quot;:400}\" data-widget_type=\"heading.default\">\n\t\t\t\t<div class=\"elementor-widget-container\">\n\t\t\t<h3 class=\"elementor-heading-title elementor-size-default\">Bulut \u00c7\u00f6z\u00fcmlerini ve Fikirlerini <span>Sa\u011fl\u0131yoruz<\/span><\/h3>\t\t<\/div>\n\t\t\t\t<\/div>\n\t\t\t\t\t<\/div>\n\t\t<\/div>\n\t\t\t\t<div class=\"elementor-column elementor-col-33 elementor-inner-column elementor-element elementor-element-7a7ae082\" data-id=\"7a7ae082\" data-element_type=\"column\">\n\t\t\t<div class=\"elementor-widget-wrap\">\n\t\t\t\t\t\t\t<\/div>\n\t\t<\/div>\n\t\t\t\t\t<\/div>\n\t\t<\/section>\n\t\t\t\t<section class=\"elementor-section elementor-inner-section elementor-element elementor-element-22fbd700 elementor-section-boxed elementor-section-height-default elementor-section-height-default\" data-id=\"22fbd700\" data-element_type=\"section\">\n\t\t\t\t\t\t<div class=\"elementor-container elementor-column-gap-default\">\n\t\t\t\t\t<div class=\"elementor-column elementor-col-33 elementor-inner-column elementor-element elementor-element-2dc8c61\" data-id=\"2dc8c61\" data-element_type=\"column\" data-settings=\"{&quot;background_background&quot;:&quot;classic&quot;}\">\n\t\t\t<div class=\"elementor-widget-wrap elementor-element-populated\">\n\t\t\t\t\t\t<div class=\"elementor-element elementor-element-743a0f1b gen-anti-rotate elementor-widget__width-initial elementor-absolute elementor-hidden-tablet elementor-hidden-phone elementor-widget elementor-widget-image\" data-id=\"743a0f1b\" data-element_type=\"widget\" data-settings=\"{&quot;_position&quot;:&quot;absolute&quot;}\" data-widget_type=\"image.default\">\n\t\t\t\t<div class=\"elementor-widget-container\">\n\t\t\t<style>\/*! elementor - v3.19.0 - 28-02-2024 *\/\n.elementor-widget-image{text-align:center}.elementor-widget-image a{display:inline-block}.elementor-widget-image a img[src$=\".svg\"]{width:48px}.elementor-widget-image img{vertical-align:middle;display:inline-block}<\/style>\t\t\t\t\t\t\t\t\t\t<img decoding=\"async\" width=\"110\" height=\"110\" src=\"https:\/\/www.exodusclouds.com\/wp-content\/uploads\/2021\/01\/hm7-19.png\" class=\"attachment-full size-full wp-image-38647\" alt=\"circle2\" srcset=\"https:\/\/www.exodusclouds.com\/wp-content\/uploads\/2021\/01\/hm7-19.png 110w, https:\/\/www.exodusclouds.com\/wp-content\/uploads\/2021\/01\/hm7-19-100x100.png 100w\" sizes=\"(max-width: 110px) 100vw, 110px\" \/>\t\t\t\t\t\t\t\t\t\t\t\t\t<\/div>\n\t\t\t\t<\/div>\n\t\t\t\t<div class=\"elementor-element elementor-element-55109744 gen-rotate elementor-widget__width-initial elementor-absolute elementor-widget elementor-widget-image\" data-id=\"55109744\" data-element_type=\"widget\" data-settings=\"{&quot;_position&quot;:&quot;absolute&quot;}\" data-widget_type=\"image.default\">\n\t\t\t\t<div class=\"elementor-widget-container\">\n\t\t\t\t\t\t\t\t\t\t\t\t\t<img decoding=\"async\" width=\"71\" height=\"71\" src=\"https:\/\/www.exodusclouds.com\/wp-content\/uploads\/2021\/01\/hm7-17.png\" class=\"attachment-full size-full wp-image-38648\" alt=\"circle1\" \/>\t\t\t\t\t\t\t\t\t\t\t\t\t<\/div>\n\t\t\t\t<\/div>\n\t\t\t\t<div class=\"elementor-element elementor-element-21d87b09 move-image-left-right elementor-invisible elementor-widget elementor-widget-image\" data-id=\"21d87b09\" data-element_type=\"widget\" data-settings=\"{&quot;_animation&quot;:&quot;fadeInRight&quot;,&quot;_animation_delay&quot;:300}\" data-widget_type=\"image.default\">\n\t\t\t\t<div class=\"elementor-widget-container\">\n\t\t\t\t\t\t\t\t\t\t\t\t\t<img fetchpriority=\"high\" decoding=\"async\" width=\"473\" height=\"461\" src=\"https:\/\/www.exodusclouds.com\/wp-content\/uploads\/2021\/01\/hm7-18.png\" class=\"attachment-full size-full wp-image-38088\" alt=\"hm7-img\" srcset=\"https:\/\/www.exodusclouds.com\/wp-content\/uploads\/2021\/01\/hm7-18.png 473w, https:\/\/www.exodusclouds.com\/wp-content\/uploads\/2021\/01\/hm7-18-300x292.png 300w\" sizes=\"(max-width: 473px) 100vw, 473px\" \/>\t\t\t\t\t\t\t\t\t\t\t\t\t<\/div>\n\t\t\t\t<\/div>\n\t\t\t\t\t<\/div>\n\t\t<\/div>\n\t\t\t\t<div class=\"elementor-column elementor-col-33 elementor-inner-column elementor-element elementor-element-3935f3fb\" data-id=\"3935f3fb\" data-element_type=\"column\">\n\t\t\t<div class=\"elementor-widget-wrap\">\n\t\t\t\t\t\t\t<\/div>\n\t\t<\/div>\n\t\t\t\t<div class=\"elementor-column elementor-col-33 elementor-inner-column elementor-element elementor-element-d88c7db\" data-id=\"d88c7db\" data-element_type=\"column\">\n\t\t\t<div class=\"elementor-widget-wrap elementor-element-populated\">\n\t\t\t\t\t\t<div class=\"elementor-element elementor-element-50b6d75e rt-img-align move-icon-sidewise radiantthemes-retina elementor-position-left elementor-vertical-align-top elementor-invisible elementor-widget elementor-widget-image-box\" data-id=\"50b6d75e\" data-element_type=\"widget\" data-settings=\"{&quot;_animation&quot;:&quot;fadeInRight&quot;,&quot;_animation_delay&quot;:400}\" data-widget_type=\"image-box.default\">\n\t\t\t\t<div class=\"elementor-widget-container\">\n\t\t\t<style>\/*! elementor - v3.19.0 - 28-02-2024 *\/\n.elementor-widget-image-box .elementor-image-box-content{width:100%}@media (min-width:768px){.elementor-widget-image-box.elementor-position-left .elementor-image-box-wrapper,.elementor-widget-image-box.elementor-position-right .elementor-image-box-wrapper{display:flex}.elementor-widget-image-box.elementor-position-right .elementor-image-box-wrapper{text-align:right;flex-direction:row-reverse}.elementor-widget-image-box.elementor-position-left .elementor-image-box-wrapper{text-align:left;flex-direction:row}.elementor-widget-image-box.elementor-position-top .elementor-image-box-img{margin:auto}.elementor-widget-image-box.elementor-vertical-align-top .elementor-image-box-wrapper{align-items:flex-start}.elementor-widget-image-box.elementor-vertical-align-middle .elementor-image-box-wrapper{align-items:center}.elementor-widget-image-box.elementor-vertical-align-bottom .elementor-image-box-wrapper{align-items:flex-end}}@media (max-width:767px){.elementor-widget-image-box .elementor-image-box-img{margin-left:auto!important;margin-right:auto!important;margin-bottom:15px}}.elementor-widget-image-box .elementor-image-box-img{display:inline-block}.elementor-widget-image-box .elementor-image-box-title a{color:inherit}.elementor-widget-image-box .elementor-image-box-wrapper{text-align:center}.elementor-widget-image-box .elementor-image-box-description{margin:0}<\/style><div class=\"elementor-image-box-wrapper\"><figure class=\"elementor-image-box-img\"><img loading=\"lazy\" decoding=\"async\" width=\"29\" height=\"29\" src=\"https:\/\/www.exodusclouds.com\/wp-content\/uploads\/2021\/01\/hm7-24.png\" class=\"attachment-full size-full wp-image-38084\" alt=\"rightviolet\" \/><\/figure><div class=\"elementor-image-box-content\"><h6 class=\"elementor-image-box-title\">Gecikmeyi, maliyeti azaltmak ve hizmet g\u00fcvenilirli\u011finizi art\u0131rmak i\u00e7in CDN'ler, ISS'ler, Sosyal Medya Sa\u011flay\u0131c\u0131lar\u0131, kurulu\u015flar gibi di\u011fer a\u011flara do\u011frudan e\u015fleme ba\u011flant\u0131lar\u0131 \u0130le mi \u0130lgileniyorsunuz?<\/h6><\/div><\/div>\t\t<\/div>\n\t\t\t\t<\/div>\n\t\t\t\t<div class=\"elementor-element elementor-element-2ad50919 rt-img-align move-icon-sidewise radiantthemes-retina elementor-position-left elementor-vertical-align-top elementor-invisible elementor-widget elementor-widget-image-box\" data-id=\"2ad50919\" data-element_type=\"widget\" data-settings=\"{&quot;_animation&quot;:&quot;fadeInLeft&quot;,&quot;_animation_delay&quot;:500}\" data-widget_type=\"image-box.default\">\n\t\t\t\t<div class=\"elementor-widget-container\">\n\t\t\t<div class=\"elementor-image-box-wrapper\"><figure class=\"elementor-image-box-img\"><img loading=\"lazy\" decoding=\"async\" width=\"26\" height=\"26\" src=\"https:\/\/www.exodusclouds.com\/wp-content\/uploads\/2021\/01\/hm7-26.png\" class=\"attachment-full size-full wp-image-38083\" alt=\"rightblue\" \/><\/figure><div class=\"elementor-image-box-content\"><h6 class=\"elementor-image-box-title\">k\u00fcresel eri\u015fiminizi sa\u011flamak i\u00e7in en geli\u015fmi\u015f, geni\u015f ve esnek e\u015fleme platformunu sa\u011fl\u0131yoruz. <\/h6><\/div><\/div>\t\t<\/div>\n\t\t\t\t<\/div>\n\t\t\t\t\t<\/div>\n\t\t<\/div>\n\t\t\t\t\t<\/div>\n\t\t<\/section>\n\t\t\t\t\t<\/div>\n\t\t<\/div>\n\t\t\t\t\t<\/div>\n\t\t<\/section>\n\t\t\t\t<\/div>","protected":false},"excerpt":{"rendered":"<p>Easy Peering Bringing IT Business Solutions &#038; Ideas Are you interested in direct peering connections to other networks, e.g. CDNs, ISPs, Social Media Providers, enterprises to reduce latency, cost, and improve your service reliabillity? We provide the most advanced, large and flexible peering platform to enable your global reach.<\/p>","protected":false},"author":1,"featured_media":2984,"parent":0,"menu_order":0,"comment_status":"closed","ping_status":"closed","template":"elementor_header_footer","meta":{"_acf_changed":false,"footnotes":""},"class_list":["post-61560","page","type-page","status-publish","has-post-thumbnail","hentry"],"acf":[],"_links":{"self":[{"href":"https:\/\/www.exodusclouds.com\/tr\/wp-json\/wp\/v2\/pages\/61560","targetHints":{"allow":["GET"]}}],"collection":[{"href":"https:\/\/www.exodusclouds.com\/tr\/wp-json\/wp\/v2\/pages"}],"about":[{"href":"https:\/\/www.exodusclouds.com\/tr\/wp-json\/wp\/v2\/types\/page"}],"author":[{"embeddable":true,"href":"https:\/\/www.exodusclouds.com\/tr\/wp-json\/wp\/v2\/users\/1"}],"replies":[{"embeddable":true,"href":"https:\/\/www.exodusclouds.com\/tr\/wp-json\/wp\/v2\/comments?post=61560"}],"version-history":[{"count":0,"href":"https:\/\/www.exodusclouds.com\/tr\/wp-json\/wp\/v2\/pages\/61560\/revisions"}],"wp:featuredmedia":[{"embeddable":true,"href":"https:\/\/www.exodusclouds.com\/tr\/wp-json\/wp\/v2\/media\/2984"}],"wp:attachment":[{"href":"https:\/\/www.exodusclouds.com\/tr\/wp-json\/wp\/v2\/media?parent=61560"}],"curies":[{"name":"wp","href":"https:\/\/api.w.org\/{rel}","templated":true}]}}