{"id":36384,"date":"2020-12-10T07:16:25","date_gmt":"2020-12-10T07:16:25","guid":{"rendered":"https:\/\/www.exodusclouds.com\/?page_id=36384"},"modified":"2022-07-27T10:44:35","modified_gmt":"2022-07-27T10:44:35","slug":"portfolio","status":"publish","type":"page","link":"https:\/\/www.exodusclouds.com\/tr\/portfolio\/","title":{"rendered":"Portfolio"},"content":{"rendered":"<div data-elementor-type=\"wp-page\" data-elementor-id=\"36384\" class=\"elementor elementor-36384\">\n\t\t\t\t\t\t<section class=\"elementor-section elementor-top-section elementor-element elementor-element-cfe0e85 elementor-section-boxed elementor-section-height-default elementor-section-height-default\" data-id=\"cfe0e85\" data-element_type=\"section\">\n\t\t\t\t\t\t<div class=\"elementor-container elementor-column-gap-default\">\n\t\t\t\t\t<div class=\"elementor-column elementor-col-100 elementor-top-column elementor-element elementor-element-42b73ea\" data-id=\"42b73ea\" data-element_type=\"column\">\n\t\t\t<div class=\"elementor-widget-wrap elementor-element-populated\">\n\t\t\t\t\t\t<div class=\"elementor-element elementor-element-8c3c880 elementor-widget elementor-widget-radiant-portfolio\" data-id=\"8c3c880\" data-element_type=\"widget\" data-widget_type=\"radiant-portfolio.default\">\n\t\t\t\t<div class=\"elementor-widget-container\">\n\t\t\t<div  class=\"rt-case-study-box-filter element-one\"><button class=\"matchHeight current-menu-item\" data-filter=\"*\"><span>All Groups <\/span><span class=\"num\">14<\/span><\/button><button class=\"matchHeight\" data-filter=\".architect\">\/<span class=\"name\">Architect <\/span><span class=\"num\">4<\/span><\/button><button class=\"matchHeight\" data-filter=\".branding\">\/<span class=\"name\">Branding <\/span><span class=\"num\">11<\/span><\/button><button class=\"matchHeight\" data-filter=\".corporate\">\/<span class=\"name\">Corporate <\/span><span class=\"num\">6<\/span><\/button><button class=\"matchHeight\" data-filter=\".creativity\">\/<span class=\"name\">Creativity <\/span><span class=\"num\">3<\/span><\/button><button class=\"matchHeight\" data-filter=\".design\">\/<span class=\"name\">Design <\/span><span class=\"num\">4<\/span><\/button><button class=\"matchHeight\" data-filter=\".partners\">\/<span class=\"name\">\u0130\u015f Ortaklar\u0131m\u0131z <\/span><span class=\"num\">1<\/span><\/button><\/div><div class=\"rt-portfolio-box style-seven rt-case-study-box element-two row isotope\"><div class=\"rt-portfolio-box-item holder col-md-4  architect branding\">\n      \n\n\n      <div class=\"pic\">\n        \n        \n        <div class=\"product-image\">\n\n<a href=\"https:\/\/www.exodusclouds.com\/tr\/portfolio\/colorful-small-cards\/\"><img decoding=\"async\" src=\"https:\/\/www.exodusclouds.com\/wp-content\/uploads\/2020\/05\/img-03.jpg\" \/> <\/a>\n<\/div>\n        \n        <a class=\"overlay\" href=\"https:\/\/www.exodusclouds.com\/tr\/portfolio\/colorful-small-cards\/\"><\/a>\n      <\/div>\n      <div class=\"rt-portfolio-item-details\">\n        <h6><a href=\"https:\/\/www.exodusclouds.com\/tr\/portfolio\/colorful-small-cards\/\">Colorful Small Cards<\/a><\/h6>\n        <div class=\"rt-category-holder\">\n          <span class=\"rt-category\"><a href=\"https:\/\/www.exodusclouds.com\/tr\/portfolio\/colorful-small-cards\/\">Branding<\/a><\/span>\n        <\/div>\n\n \n\n        <div class=\"rt-show-project\">\n          <div class=\"rt-show-project-link\">\n            <a href=\"https:\/\/www.exodusclouds.com\/tr\/portfolio\/colorful-small-cards\/\">\n              Show project <\/a>\n          <\/div>\n        <\/div>\n      <\/div>\n    <\/div><div class=\"rt-portfolio-box-item holder col-md-4  corporate\">\n      \n\n\n      <div class=\"pic\">\n        \n        \n        <div class=\"product-image\">\n\n<a href=\"https:\/\/www.exodusclouds.com\/tr\/portfolio\/portfolio-details-one\/\"><img decoding=\"async\" src=\"https:\/\/www.exodusclouds.com\/wp-content\/uploads\/2020\/05\/img-05.jpg\" \/> <\/a>\n<\/div>\n        \n        <a class=\"overlay\" href=\"https:\/\/www.exodusclouds.com\/tr\/portfolio\/portfolio-details-one\/\"><\/a>\n      <\/div>\n      <div class=\"rt-portfolio-item-details\">\n        <h6><a href=\"https:\/\/www.exodusclouds.com\/tr\/portfolio\/portfolio-details-one\/\">Bucket Storage Device<\/a><\/h6>\n        <div class=\"rt-category-holder\">\n          <span class=\"rt-category\"><a href=\"https:\/\/www.exodusclouds.com\/tr\/portfolio\/portfolio-details-one\/\">Corporate<\/a><\/span>\n        <\/div>\n\n \n\n        <div class=\"rt-show-project\">\n          <div class=\"rt-show-project-link\">\n            <a href=\"https:\/\/www.exodusclouds.com\/tr\/portfolio\/portfolio-details-one\/\">\n              Show project <\/a>\n          <\/div>\n        <\/div>\n      <\/div>\n    <\/div><div class=\"rt-portfolio-box-item holder col-md-4  branding corporate\">\n      \n\n\n      <div class=\"pic\">\n        \n        \n        <div class=\"product-image\">\n\n<a href=\"https:\/\/www.exodusclouds.com\/tr\/portfolio\/portfolio-details-three\/\"><img decoding=\"async\" src=\"https:\/\/www.exodusclouds.com\/wp-content\/uploads\/2020\/08\/img-10.jpg\" \/> <\/a>\n<\/div>\n        \n        <a class=\"overlay\" href=\"https:\/\/www.exodusclouds.com\/tr\/portfolio\/portfolio-details-three\/\"><\/a>\n      <\/div>\n      <div class=\"rt-portfolio-item-details\">\n        <h6><a href=\"https:\/\/www.exodusclouds.com\/tr\/portfolio\/portfolio-details-three\/\">Showcase<\/a><\/h6>\n        <div class=\"rt-category-holder\">\n          <span class=\"rt-category\"><a href=\"https:\/\/www.exodusclouds.com\/tr\/portfolio\/portfolio-details-three\/\">Corporate<\/a><\/span>\n        <\/div>\n\n \n\n        <div class=\"rt-show-project\">\n          <div class=\"rt-show-project-link\">\n            <a href=\"https:\/\/www.exodusclouds.com\/tr\/portfolio\/portfolio-details-three\/\">\n              Show project <\/a>\n          <\/div>\n        <\/div>\n      <\/div>\n    <\/div><div class=\"rt-portfolio-box-item holder col-md-4  branding corporate\">\n      \n\n\n      <div class=\"pic\">\n        \n        \n        <div class=\"product-image\">\n\n<a href=\"https:\/\/www.exodusclouds.com\/tr\/portfolio\/portfolio-details-four\/\"><img decoding=\"async\" src=\"https:\/\/www.exodusclouds.com\/wp-content\/uploads\/2020\/05\/img-18.jpg\" \/> <\/a>\n<\/div>\n        \n        <a class=\"overlay\" href=\"https:\/\/www.exodusclouds.com\/tr\/portfolio\/portfolio-details-four\/\"><\/a>\n      <\/div>\n      <div class=\"rt-portfolio-item-details\">\n        <h6><a href=\"https:\/\/www.exodusclouds.com\/tr\/portfolio\/portfolio-details-four\/\">Paper Designer Bag<\/a><\/h6>\n        <div class=\"rt-category-holder\">\n          <span class=\"rt-category\"><a href=\"https:\/\/www.exodusclouds.com\/tr\/portfolio\/portfolio-details-four\/\">Corporate<\/a><\/span>\n        <\/div>\n\n \n\n        <div class=\"rt-show-project\">\n          <div class=\"rt-show-project-link\">\n            <a href=\"https:\/\/www.exodusclouds.com\/tr\/portfolio\/portfolio-details-four\/\">\n              Show project <\/a>\n          <\/div>\n        <\/div>\n      <\/div>\n    <\/div><div class=\"rt-portfolio-box-item holder col-md-4  branding corporate\">\n      \n\n\n      <div class=\"pic\">\n        \n        \n        <div class=\"product-image\">\n\n<a href=\"https:\/\/www.exodusclouds.com\/tr\/portfolio\/portfolio-details-two\/\"><img decoding=\"async\" src=\"https:\/\/www.exodusclouds.com\/wp-content\/uploads\/2021\/01\/versa-logo.png\" \/> <\/a>\n<\/div>\n        \n        <a class=\"overlay\" href=\"https:\/\/www.exodusclouds.com\/tr\/portfolio\/portfolio-details-two\/\"><\/a>\n      <\/div>\n      <div class=\"rt-portfolio-item-details\">\n        <h6><a href=\"https:\/\/www.exodusclouds.com\/tr\/portfolio\/portfolio-details-two\/\">Paper Shopping Bag<\/a><\/h6>\n        <div class=\"rt-category-holder\">\n          <span class=\"rt-category\"><a href=\"https:\/\/www.exodusclouds.com\/tr\/portfolio\/portfolio-details-two\/\">Corporate<\/a><\/span>\n        <\/div>\n\n \n\n        <div class=\"rt-show-project\">\n          <div class=\"rt-show-project-link\">\n            <a href=\"https:\/\/www.exodusclouds.com\/tr\/portfolio\/portfolio-details-two\/\">\n              Show project <\/a>\n          <\/div>\n        <\/div>\n      <\/div>\n    <\/div><div class=\"rt-portfolio-box-item holder col-md-4  branding creativity\">\n      \n\n\n      <div class=\"pic\">\n        \n        \n        <div class=\"product-image\">\n\n<a href=\"https:\/\/www.exodusclouds.com\/tr\/portfolio\/vr-gear-box-2\/\"><img decoding=\"async\" src=\"https:\/\/www.exodusclouds.com\/wp-content\/uploads\/2020\/07\/img-13.jpg\" \/> <\/a>\n<\/div>\n        \n        <a class=\"overlay\" href=\"https:\/\/www.exodusclouds.com\/tr\/portfolio\/vr-gear-box-2\/\"><\/a>\n      <\/div>\n      <div class=\"rt-portfolio-item-details\">\n        <h6><a href=\"https:\/\/www.exodusclouds.com\/tr\/portfolio\/vr-gear-box-2\/\">VR Gear Box<\/a><\/h6>\n        <div class=\"rt-category-holder\">\n          <span class=\"rt-category\"><a href=\"https:\/\/www.exodusclouds.com\/tr\/portfolio\/vr-gear-box-2\/\">Creativity<\/a><\/span>\n        <\/div>\n\n \n\n        <div class=\"rt-show-project\">\n          <div class=\"rt-show-project-link\">\n            <a href=\"https:\/\/www.exodusclouds.com\/tr\/portfolio\/vr-gear-box-2\/\">\n              Show project <\/a>\n          <\/div>\n        <\/div>\n      <\/div>\n    <\/div><div class=\"rt-portfolio-box-item holder col-md-4  branding corporate\">\n      \n\n\n      <div class=\"pic\">\n        \n        \n        <div class=\"product-image\">\n\n<a href=\"https:\/\/www.exodusclouds.com\/tr\/portfolio\/magnificent-headphone\/\"><img decoding=\"async\" src=\"https:\/\/www.exodusclouds.com\/wp-content\/uploads\/2020\/07\/img-16.jpg\" \/> <\/a>\n<\/div>\n        \n        <a class=\"overlay\" href=\"https:\/\/www.exodusclouds.com\/tr\/portfolio\/magnificent-headphone\/\"><\/a>\n      <\/div>\n      <div class=\"rt-portfolio-item-details\">\n        <h6><a href=\"https:\/\/www.exodusclouds.com\/tr\/portfolio\/magnificent-headphone\/\">Magnificent Headphone<\/a><\/h6>\n        <div class=\"rt-category-holder\">\n          <span class=\"rt-category\"><a href=\"https:\/\/www.exodusclouds.com\/tr\/portfolio\/magnificent-headphone\/\">Corporate<\/a><\/span>\n        <\/div>\n\n \n\n        <div class=\"rt-show-project\">\n          <div class=\"rt-show-project-link\">\n            <a href=\"https:\/\/www.exodusclouds.com\/tr\/portfolio\/magnificent-headphone\/\">\n              Show project <\/a>\n          <\/div>\n        <\/div>\n      <\/div>\n    <\/div><div class=\"rt-portfolio-box-item holder col-md-4  branding creativity\">\n      \n\n\n      <div class=\"pic\">\n        \n        \n        <div class=\"product-image\">\n\n<a href=\"https:\/\/www.exodusclouds.com\/tr\/portfolio\/green-smart-watch\/\"><img decoding=\"async\" src=\"https:\/\/www.exodusclouds.com\/wp-content\/uploads\/2020\/07\/img-09.jpg\" \/> <\/a>\n<\/div>\n        \n        <a class=\"overlay\" href=\"https:\/\/www.exodusclouds.com\/tr\/portfolio\/green-smart-watch\/\"><\/a>\n      <\/div>\n      <div class=\"rt-portfolio-item-details\">\n        <h6><a href=\"https:\/\/www.exodusclouds.com\/tr\/portfolio\/green-smart-watch\/\">Green Smart Watch<\/a><\/h6>\n        <div class=\"rt-category-holder\">\n          <span class=\"rt-category\"><a href=\"https:\/\/www.exodusclouds.com\/tr\/portfolio\/green-smart-watch\/\">Creativity<\/a><\/span>\n        <\/div>\n\n \n\n        <div class=\"rt-show-project\">\n          <div class=\"rt-show-project-link\">\n            <a href=\"https:\/\/www.exodusclouds.com\/tr\/portfolio\/green-smart-watch\/\">\n              Show project <\/a>\n          <\/div>\n        <\/div>\n      <\/div>\n    <\/div><div class=\"rt-portfolio-box-item holder col-md-4  architect branding design\">\n      \n\n\n      <div class=\"pic\">\n        \n        \n        <div class=\"product-image\">\n\n<a href=\"https:\/\/www.exodusclouds.com\/tr\/portfolio\/sports-shoe\/\"><img decoding=\"async\" src=\"https:\/\/www.exodusclouds.com\/wp-content\/uploads\/2020\/07\/img-20.jpg\" \/> <\/a>\n<\/div>\n        \n        <a class=\"overlay\" href=\"https:\/\/www.exodusclouds.com\/tr\/portfolio\/sports-shoe\/\"><\/a>\n      <\/div>\n      <div class=\"rt-portfolio-item-details\">\n        <h6><a href=\"https:\/\/www.exodusclouds.com\/tr\/portfolio\/sports-shoe\/\">Sports Shoe<\/a><\/h6>\n        <div class=\"rt-category-holder\">\n          <span class=\"rt-category\"><a href=\"https:\/\/www.exodusclouds.com\/tr\/portfolio\/sports-shoe\/\">Design<\/a><\/span>\n        <\/div>\n\n \n\n        <div class=\"rt-show-project\">\n          <div class=\"rt-show-project-link\">\n            <a href=\"https:\/\/www.exodusclouds.com\/tr\/portfolio\/sports-shoe\/\">\n              Show project <\/a>\n          <\/div>\n        <\/div>\n      <\/div>\n    <\/div><div class=\"rt-portfolio-box-item holder col-md-4  corporate creativity design\">\n      \n\n\n      <div class=\"pic\">\n        \n        \n        <div class=\"product-image\">\n\n<a href=\"https:\/\/www.exodusclouds.com\/tr\/portfolio\/canvas\/\"><img decoding=\"async\" src=\"https:\/\/www.exodusclouds.com\/wp-content\/uploads\/2020\/07\/img-14.jpg\" \/> <\/a>\n<\/div>\n        \n        <a class=\"overlay\" href=\"https:\/\/www.exodusclouds.com\/tr\/portfolio\/canvas\/\"><\/a>\n      <\/div>\n      <div class=\"rt-portfolio-item-details\">\n        <h6><a href=\"https:\/\/www.exodusclouds.com\/tr\/portfolio\/canvas\/\">Canvas<\/a><\/h6>\n        <div class=\"rt-category-holder\">\n          <span class=\"rt-category\"><a href=\"https:\/\/www.exodusclouds.com\/tr\/portfolio\/canvas\/\">Design<\/a><\/span>\n        <\/div>\n\n \n\n        <div class=\"rt-show-project\">\n          <div class=\"rt-show-project-link\">\n            <a href=\"https:\/\/www.exodusclouds.com\/tr\/portfolio\/canvas\/\">\n              Show project <\/a>\n          <\/div>\n        <\/div>\n      <\/div>\n    <\/div><div class=\"rt-portfolio-box-item holder col-md-4  branding\">\n      \n\n\n      <div class=\"pic\">\n        \n        \n        <div class=\"product-image\">\n\n<a href=\"https:\/\/www.exodusclouds.com\/tr\/portfolio\/potrait-2\/\"><img decoding=\"async\" src=\"https:\/\/www.exodusclouds.com\/wp-content\/uploads\/2020\/07\/img-19.jpg\" \/> <\/a>\n<\/div>\n        \n        <a class=\"overlay\" href=\"https:\/\/www.exodusclouds.com\/tr\/portfolio\/potrait-2\/\"><\/a>\n      <\/div>\n      <div class=\"rt-portfolio-item-details\">\n        <h6><a href=\"https:\/\/www.exodusclouds.com\/tr\/portfolio\/potrait-2\/\">Potrait<\/a><\/h6>\n        <div class=\"rt-category-holder\">\n          <span class=\"rt-category\"><a href=\"https:\/\/www.exodusclouds.com\/tr\/portfolio\/potrait-2\/\">Branding<\/a><\/span>\n        <\/div>\n\n \n\n        <div class=\"rt-show-project\">\n          <div class=\"rt-show-project-link\">\n            <a href=\"https:\/\/www.exodusclouds.com\/tr\/portfolio\/potrait-2\/\">\n              Show project <\/a>\n          <\/div>\n        <\/div>\n      <\/div>\n    <\/div><div class=\"rt-portfolio-box-item holder col-md-4  architect branding design\">\n      \n\n\n      <div class=\"pic\">\n        \n        \n        <div class=\"product-image\">\n\n<a href=\"https:\/\/www.exodusclouds.com\/tr\/portfolio\/coffee-cup-2\/\"><img decoding=\"async\" src=\"https:\/\/www.exodusclouds.com\/wp-content\/uploads\/2020\/08\/img-11.jpg\" \/> <\/a>\n<\/div>\n        \n        <a class=\"overlay\" href=\"https:\/\/www.exodusclouds.com\/tr\/portfolio\/coffee-cup-2\/\"><\/a>\n      <\/div>\n      <div class=\"rt-portfolio-item-details\">\n        <h6><a href=\"https:\/\/www.exodusclouds.com\/tr\/portfolio\/coffee-cup-2\/\">Coffee Cup<\/a><\/h6>\n        <div class=\"rt-category-holder\">\n          <span class=\"rt-category\"><a href=\"https:\/\/www.exodusclouds.com\/tr\/portfolio\/coffee-cup-2\/\">Design<\/a><\/span>\n        <\/div>\n\n \n\n        <div class=\"rt-show-project\">\n          <div class=\"rt-show-project-link\">\n            <a href=\"https:\/\/www.exodusclouds.com\/tr\/portfolio\/coffee-cup-2\/\">\n              Show project <\/a>\n          <\/div>\n        <\/div>\n      <\/div>\n    <\/div><div class=\"rt-portfolio-box-item holder col-md-4  architect branding design\">\n      \n\n\n      <div class=\"pic\">\n        \n        \n        <div class=\"product-image\">\n\n<a href=\"https:\/\/www.exodusclouds.com\/tr\/portfolio\/coffee-cup\/\"><img decoding=\"async\" src=\"https:\/\/www.exodusclouds.com\/wp-content\/uploads\/2021\/01\/versa-logo.png\" \/> <\/a>\n<\/div>\n        \n        <a class=\"overlay\" href=\"https:\/\/www.exodusclouds.com\/tr\/portfolio\/coffee-cup\/\"><\/a>\n      <\/div>\n      <div class=\"rt-portfolio-item-details\">\n        <h6><a href=\"https:\/\/www.exodusclouds.com\/tr\/portfolio\/coffee-cup\/\">Coffee Cup<\/a><\/h6>\n        <div class=\"rt-category-holder\">\n          <span class=\"rt-category\"><a href=\"https:\/\/www.exodusclouds.com\/tr\/portfolio\/coffee-cup\/\">Design<\/a><\/span>\n        <\/div>\n\n \n\n        <div class=\"rt-show-project\">\n          <div class=\"rt-show-project-link\">\n            <a href=\"https:\/\/www.exodusclouds.com\/tr\/portfolio\/coffee-cup\/\">\n              Show project <\/a>\n          <\/div>\n        <\/div>\n      <\/div>\n    <\/div><div class=\"rt-portfolio-box-item holder col-md-4  partners\">\n      \n\n\n      <div class=\"pic\">\n        \n        \n        <div class=\"product-image\">\n\n<a href=\"https:\/\/www.exodusclouds.com\/tr\/portfolio\/aws\/\"><img decoding=\"async\" src=\"https:\/\/www.exodusclouds.com\/wp-content\/uploads\/2022\/07\/aws-e1662560169241.png\" \/> <\/a>\n<\/div>\n        \n        <a class=\"overlay\" href=\"https:\/\/www.exodusclouds.com\/tr\/portfolio\/aws\/\"><\/a>\n      <\/div>\n      <div class=\"rt-portfolio-item-details\">\n        <h6><a href=\"https:\/\/www.exodusclouds.com\/tr\/portfolio\/aws\/\">AWS<\/a><\/h6>\n        <div class=\"rt-category-holder\">\n          <span class=\"rt-category\"><a href=\"https:\/\/www.exodusclouds.com\/tr\/portfolio\/aws\/\">\u0130\u015f Ortaklar\u0131m\u0131z<\/a><\/span>\n        <\/div>\n\n \n\n        <div class=\"rt-show-project\">\n          <div class=\"rt-show-project-link\">\n            <a href=\"https:\/\/www.exodusclouds.com\/tr\/portfolio\/aws\/\">\n              Show project <\/a>\n          <\/div>\n        <\/div>\n      <\/div>\n    <\/div><\/div>\t\t\t\t<\/div>\n\t\t\t\t<\/div>\n\t\t\t\t\t<\/div>\n\t\t<\/div>\n\t\t\t\t\t<\/div>\n\t\t<\/section>\n\t\t\t\t<\/div>","protected":false},"excerpt":{"rendered":"<p>All Groups 12\/Architect 3\/Branding 10\/Corporate 6\/Creativity 3\/Design 3 Colorful Small Cards Branding Show project Bucket Storage Device Corporate Show project Showcase Corporate Show project Paper Designer Bag Corporate Show project Paper Shopping Bag Corporate Show project VR Gear Box Creativity Show project Magnificent Headphone Corporate Show project Green Smart Watch Creativity Show project Sports Shoe [&hellip;]<\/p>","protected":false},"author":1,"featured_media":0,"parent":0,"menu_order":0,"comment_status":"closed","ping_status":"closed","template":"","meta":{"_acf_changed":false,"footnotes":""},"class_list":["post-36384","page","type-page","status-publish","hentry"],"acf":[],"_links":{"self":[{"href":"https:\/\/www.exodusclouds.com\/tr\/wp-json\/wp\/v2\/pages\/36384","targetHints":{"allow":["GET"]}}],"collection":[{"href":"https:\/\/www.exodusclouds.com\/tr\/wp-json\/wp\/v2\/pages"}],"about":[{"href":"https:\/\/www.exodusclouds.com\/tr\/wp-json\/wp\/v2\/types\/page"}],"author":[{"embeddable":true,"href":"https:\/\/www.exodusclouds.com\/tr\/wp-json\/wp\/v2\/users\/1"}],"replies":[{"embeddable":true,"href":"https:\/\/www.exodusclouds.com\/tr\/wp-json\/wp\/v2\/comments?post=36384"}],"version-history":[{"count":0,"href":"https:\/\/www.exodusclouds.com\/tr\/wp-json\/wp\/v2\/pages\/36384\/revisions"}],"wp:attachment":[{"href":"https:\/\/www.exodusclouds.com\/tr\/wp-json\/wp\/v2\/media?parent=36384"}],"curies":[{"name":"wp","href":"https:\/\/api.w.org\/{rel}","templated":true}]}}